{"id":2172,"date":"2022-11-05T15:48:47","date_gmt":"2022-11-05T14:48:47","guid":{"rendered":"https:\/\/www.stebeurope.com\/?page_id=2172"},"modified":"2023-06-13T12:10:42","modified_gmt":"2023-06-13T10:10:42","slug":"impressum","status":"publish","type":"page","link":"https:\/\/www.stebeurope.com\/en\/impressum\/","title":{"rendered":"Imprint"},"content":{"rendered":"<h1>Information according to \u00a7 5 TMG<\/h1>\n\n\n\n<p>STEB Media GmbH<br>Kollwitzstra\u00dfe 20, <br>10405 Berlin<\/p>\n\n\n\n<p>Commercial register: HRB 221314<br>Register court: Berlin Charlottenburg<\/p>\n\n\n\n<p><strong>Represented by:<\/strong><br>Andre Frenger (Managing Director)<br><br>Romina H\u00fcttner (Gesch\u00e4ftsf\u00fchrerin)<\/p>\n\n\n\n<h2>Contact<\/h2>\n\n\n\n<p>Telefon: (+49) 030 12 36 69 98<br>E-Mail: info@stebeurope.com<\/p>\n\n\n\n<h2>VAT-ID<\/h2>\n\n\n\n<p>Sales tax identification number according to \u00a7 27 a Umsatzsteuergesetz:<br>DE333422286<\/p>\n\n\n\n<h2>EU Dispute Resolution<\/h2>\n\n\n\n<p>The European Commission provides a platform for online dispute resolution (OS): <a href=\"https:\/\/ec.europa.eu\/consumers\/odr\/\" target=\"_blank\" rel=\"noreferrer noopener\">https:\/\/ec.europa.eu\/consumers\/odr\/<\/a>.<br>You can find our e-mail address in the imprint above.<\/p>\n\n\n\n<h2>Consumer dispute resolution\/universal arbitration board<\/h2>\n\n\n\n<p>We participate in a dispute resolution procedure before a consumer arbitration board. The universal arbitration board of the Zentrum f\u00fcr Schlichtung e.V., Stra\u00dfburger Stra\u00dfe 8, 77694 Kehl am Rhein (https:\/\/www.verbraucher-schlichter.de) is responsible.<a href=\"https:\/\/www.verbraucher-schlichter.de\" rel=\"noreferrer noopener\" target=\"_blank\">https:\/\/www.verbraucher-schlichter.de<\/a>).<\/p>\n\n\n<div class=\"brz-root__container\"><\/div>","protected":false},"excerpt":{"rendered":"<p>Angaben gem\u00e4\u00df \u00a7 5 TMG STEB Media GmbHKollwitzstra\u00dfe 20, 10405 Berlin Handelsregister: HRB 221314Registergericht: Berlin Charlottenburg Vertreten durch:Andre Frenger (Gesch\u00e4ftsf\u00fchrer) Romina H\u00fcttner (Gesch\u00e4ftsf\u00fchrerin) Kontakt Telefon: (+49) 030 12 36 69 98E-Mail: info@stebeurope.com Umsatzsteuer-ID Umsatzsteuer-Identifikationsnummer gem\u00e4\u00df \u00a7 27 a Umsatzsteuergesetz:DE333422286 EU-Streitschlichtung Die Europ\u00e4ische Kommission stellt eine Plattform zur Online-Streitbeilegung (OS) bereit: https:\/\/ec.europa.eu\/consumers\/odr\/.Unsere E-Mail-Adresse finden Sie oben im Impressum. Verbraucher\u00adstreit\u00adbeilegung\/Universal\u00adschlichtungs\u00adstelle Wir nehmen an einem Streitbeilegungsverfahren vor einer Verbraucherschlichtungsstelle teil. Zust\u00e4ndig ist die Universalschlichtungsstelle des Zentrums f\u00fcr Schlichtung e.V., Stra\u00dfburger Stra\u00dfe 8, 77694 Kehl am Rhein (https:\/\/www.verbraucher-schlichter.de).<\/p>","protected":false},"author":1,"featured_media":0,"parent":0,"menu_order":0,"comment_status":"closed","ping_status":"closed","template":"brizy-blank-template.php","meta":[],"blocksy_meta":{"styles_descriptor":{"styles":{"desktop":"","tablet":"","mobile":""},"google_fonts":[],"version":5},"page_title_panel":"","has_hero_section":"default","af3e70ffda9dc98297e4e225825baa1a":"","hero_section":"type-1","hero_elements":[{"id":"custom_title","enabled":true,"heading_tag":"h1","title":"Startseite"},{"id":"custom_description","enabled":true,"description_visibility":{"desktop":true,"tablet":true,"mobile":false}},{"id":"custom_meta","enabled":false,"meta_elements":[{"id":"author","enabled":true,"label":"Von","has_author_avatar":"yes","avatar_size":25},{"id":"post_date","enabled":true,"label":"Am","date_format_source":"default","date_format":"M j, Y"},{"id":"updated_date","enabled":false,"label":"Am","date_format_source":"default","date_format":"M j, Y"},{"id":"categories","enabled":false,"label":"In","style":"simple"},{"id":"comments","enabled":true}],"page_meta_elements":{"joined":true,"articles_count":true,"comments":true}},{"id":"breadcrumbs","enabled":false}],"0c8a9756d4febf2a97e6d8d8b9d81a95":"","hero_alignment1":"CT_CSS_SKIP_RULE","hero_margin":40,"hero_alignment2":"center","hero_vertical_alignment":"center","24c9e5e578ad448d343e82dfdc5038db":"","hero_structure":"narrow","cf49be7e6e7906533be02150b552721d":"","page_title_bg_type":"featured_image","custom_hero_background":{"attachment_id":null},"parallax":{"desktop":false,"tablet":false,"mobile":false},"c978d99a0a90c198a53757f0fde55c99":"","hero_height":"250px","pageTitleFont":{"family":"Default","variation":"Default","size":"30px","line-height":"CT_CSS_SKIP_RULE","letter-spacing":"CT_CSS_SKIP_RULE","text-transform":"CT_CSS_SKIP_RULE","text-decoration":"CT_CSS_SKIP_RULE"},"pageTitleFontColor":{"default":{"color":"CT_CSS_SKIP_RULEDEFAULT"}},"pageMetaFont":{"family":"Default","variation":"n6","size":"12px","line-height":"1.3","letter-spacing":"CT_CSS_SKIP_RULE","text-transform":"uppercase","text-decoration":"CT_CSS_SKIP_RULE"},"pageMetaFontColor":{"default":{"color":"CT_CSS_SKIP_RULEDEFAULT"},"hover":{"color":"CT_CSS_SKIP_RULEDEFAULT"}},"page_meta_button_type_font_colors":{"default":{"color":"CT_CSS_SKIP_RULEDEFAULT"},"hover":{"color":"CT_CSS_SKIP_RULEDEFAULT"}},"page_meta_button_type_background_colors":{"default":{"color":"CT_CSS_SKIP_RULEDEFAULT"},"hover":{"color":"CT_CSS_SKIP_RULEDEFAULT"}},"pageExcerptFont":{"family":"Default","variation":"Default","size":"CT_CSS_SKIP_RULE","line-height":"CT_CSS_SKIP_RULE","letter-spacing":"CT_CSS_SKIP_RULE","text-transform":"CT_CSS_SKIP_RULE","text-decoration":"CT_CSS_SKIP_RULE"},"pageExcerptColor":{"default":{"color":"CT_CSS_SKIP_RULEDEFAULT"}},"breadcrumbsFont":{"family":"Default","variation":"Default","size":"CT_CSS_SKIP_RULE","line-height":"CT_CSS_SKIP_RULE","letter-spacing":"CT_CSS_SKIP_RULE","text-transform":"CT_CSS_SKIP_RULE","text-decoration":"CT_CSS_SKIP_RULE"},"breadcrumbsFontColor":{"default":{"color":"CT_CSS_SKIP_RULEDEFAULT"},"initial":{"color":"CT_CSS_SKIP_RULEDEFAULT"},"hover":{"color":"CT_CSS_SKIP_RULEDEFAULT"}},"pageTitleOverlay":{"background_type":"color","background_pattern":"type-1","background_image":{"attachment_id":null,"x":0,"y":0},"gradient":"linear-gradient(135deg,rgba(6,147,227,1) 0%,rgb(155,81,224) 100%)","background_repeat":"repeat","background_size":"auto","background_attachment":"scroll","patternColor":{"default":{"color":"#e5e7ea"}},"overlayColor":{"default":{"color":"CT_CSS_SKIP_RULE"}},"backgroundColor":{"default":{"color":"CT_CSS_SKIP_RULE"}}},"pageTitleBackground":{"background_type":"color","background_pattern":"type-1","background_image":{"attachment_id":null,"x":0,"y":0},"gradient":"linear-gradient(135deg,rgba(6,147,227,1) 0%,rgb(155,81,224) 100%)","background_repeat":"repeat","background_size":"auto","background_attachment":"scroll","patternColor":{"default":{"color":"#e5e7ea"}},"overlayColor":{"default":{"color":"CT_CSS_SKIP_RULE"}},"backgroundColor":{"default":{"color":"var(--paletteColor6)"}}},"pageTitlePadding":{"top":"50px","bottom":"50px","left":"auto","right":"auto","linked":true},"bccfd9cc327cef1d43a7b414c821c3ab":"","page_structure_type":"default","aaada0d9a269cb043fede6eb906b081c":"","content_style_source":"inherit","content_style":"wide","vertical_spacing_source":"inherit","content_area_spacing":"both","background":{"background_type":"color","background_pattern":"type-1","background_image":{"attachment_id":null,"x":0,"y":0},"gradient":"linear-gradient(135deg,rgba(6,147,227,1) 0%,rgb(155,81,224) 100%)","background_repeat":"repeat","background_size":"auto","background_attachment":"scroll","patternColor":{"default":{"color":"#e5e7ea"}},"overlayColor":{"default":{"color":"CT_CSS_SKIP_RULE"}},"backgroundColor":{"default":{"color":"CT_CSS_SKIP_RULE"}}},"content_background":{"background_type":"color","background_pattern":"type-1","background_image":{"attachment_id":null,"x":0,"y":0},"gradient":"linear-gradient(135deg,rgba(6,147,227,1) 0%,rgb(155,81,224) 100%)","background_repeat":"repeat","background_size":"auto","background_attachment":"scroll","patternColor":{"default":{"color":"#e5e7ea"}},"overlayColor":{"default":{"color":"CT_CSS_SKIP_RULE"}},"backgroundColor":{"default":{"color":"var(--paletteColor8)"}}},"content_boxed_shadow":{"inherit":false,"blur":18,"spread":-6,"v_offset":12,"h_offset":0,"inset":false,"enable":true,"color":{"color":"rgba(34, 56, 101, 0.04)"}},"boxed_content_spacing":{"desktop":{"top":"40px","bottom":"40px","left":"40px","right":"40px","linked":true},"tablet":{"top":"35px","bottom":"35px","left":"35px","right":"35px","linked":true},"mobile":{"top":"20px","bottom":"20px","left":"20px","right":"20px","linked":true}},"content_boxed_radius":{"top":"3px","bottom":"3px","left":"3px","right":"3px","linked":true},"49d78100f554f454dc2d14e51bae4404":"","disable_featured_image":"no","disable_share_box":"no","disable_header":"no","disable_footer":"no","60585c672911b2aa4204fb87912899b8":"","0fb9391041dc4dbfcb07a85d0714bf31":"","c671f9aa10f6f1d21c30f357fa3875a1":"","079324d268bdd26f5535fb42061fa1a9":"","page_title_image_size":"full","d3a1190ce68bcb3405d0f9f2774c7cdc":"","6d58377ada533102d91da9bef33d63cf":"","6230e293ec0a12da712d8c74b09228bd":"","content_boxed_border":{"width":1,"style":"none","color":{"color":"rgba(44,62,80,0.2)"}},"892b20cdf75e6f34f3b87008ba7ba781":""},"_links":{"self":[{"href":"https:\/\/www.stebeurope.com\/en\/wp-json\/wp\/v2\/pages\/2172"}],"collection":[{"href":"https:\/\/www.stebeurope.com\/en\/wp-json\/wp\/v2\/pages"}],"about":[{"href":"https:\/\/www.stebeurope.com\/en\/wp-json\/wp\/v2\/types\/page"}],"author":[{"embeddable":true,"href":"https:\/\/www.stebeurope.com\/en\/wp-json\/wp\/v2\/users\/1"}],"replies":[{"embeddable":true,"href":"https:\/\/www.stebeurope.com\/en\/wp-json\/wp\/v2\/comments?post=2172"}],"version-history":[{"count":10,"href":"https:\/\/www.stebeurope.com\/en\/wp-json\/wp\/v2\/pages\/2172\/revisions"}],"predecessor-version":[{"id":2724,"href":"https:\/\/www.stebeurope.com\/en\/wp-json\/wp\/v2\/pages\/2172\/revisions\/2724"}],"wp:attachment":[{"href":"https:\/\/www.stebeurope.com\/en\/wp-json\/wp\/v2\/media?parent=2172"}],"curies":[{"name":"wp","href":"https:\/\/api.w.org\/{rel}","templated":true}]}}